{"id":7716,"date":"2024-04-02T14:59:07","date_gmt":"2024-04-02T12:59:07","guid":{"rendered":"https:\/\/begeads.eu\/glfuat\/?page_id=7716"},"modified":"2025-04-09T10:32:39","modified_gmt":"2025-04-09T08:32:39","slug":"videotutorials","status":"publish","type":"page","link":"https:\/\/begeads.eu\/glfuat\/videotutorials\/","title":{"rendered":"Videotutorial Servicepauschalen"},"content":{"rendered":"<p><div class=\"fusion-fullwidth fullwidth-box fusion-builder-row-1 fusion-flex-container has-pattern-background has-mask-background nonhundred-percent-fullwidth non-hundred-percent-height-scrolling\" style=\"--awb-border-radius-top-left:0px;--awb-border-radius-top-right:0px;--awb-border-radius-bottom-right:0px;--awb-border-radius-bottom-left:0px;--awb-margin-bottom:80px;--awb-flex-wrap:wrap;\" ><div class=\"fusion-builder-row fusion-row fusion-flex-align-items-flex-start fusion-flex-content-wrap\" style=\"max-width:1664px;margin-left: calc(-4% \/ 2 );margin-right: calc(-4% \/ 2 );\"><div class=\"fusion-layout-column fusion_builder_column fusion-builder-column-0 fusion_builder_column_1_1 1_1 fusion-flex-column fusion-flex-align-self-center\" style=\"--awb-padding-top:60px;--awb-overflow:hidden;--awb-bg-size:cover;--awb-border-radius:34px 34px 34px 34px;--awb-width-large:100%;--awb-margin-top-large:0px;--awb-spacing-right-large:1.92%;--awb-margin-bottom-large:0px;--awb-spacing-left-large:1.92%;--awb-width-medium:100%;--awb-order-medium:0;--awb-spacing-right-medium:1.92%;--awb-spacing-left-medium:1.92%;--awb-width-small:100%;--awb-order-small:0;--awb-spacing-right-small:1.92%;--awb-spacing-left-small:1.92%;\" data-scroll-devices=\"small-visibility,medium-visibility,large-visibility\"><div class=\"fusion-column-wrapper fusion-column-has-shadow fusion-flex-justify-content-center fusion-content-layout-column\"><div class=\"fusion-title title fusion-title-1 fusion-sep-none fusion-title-text fusion-title-size-one\" style=\"--awb-text-color:var(--awb-color6);\"><h1 class=\"fusion-title-heading title-heading-left fusion-responsive-typography-calculated\" style=\"margin:0;--fontSize:52;line-height:var(--awb-typography1-line-height);\">Videotutorials<\/h1><\/div><\/div><\/div><\/div><\/div><div id=\"start\" class=\"fusion-container-anchor\"><div class=\"fusion-fullwidth fullwidth-box fusion-builder-row-2 fusion-flex-container has-pattern-background has-mask-background nonhundred-percent-fullwidth non-hundred-percent-height-scrolling\" style=\"--awb-border-radius-top-left:0px;--awb-border-radius-top-right:0px;--awb-border-radius-bottom-right:0px;--awb-border-radius-bottom-left:0px;--awb-flex-wrap:wrap;\" ><div class=\"fusion-builder-row fusion-row fusion-flex-align-items-flex-start fusion-flex-content-wrap\" style=\"max-width:1664px;margin-left: calc(-4% \/ 2 );margin-right: calc(-4% \/ 2 );\"><div class=\"fusion-layout-column fusion_builder_column fusion-builder-column-1 fusion_builder_column_1_3 1_3 fusion-flex-column fusion-flex-align-self-stretch fusion-column-inner-bg-wrapper\" style=\"--awb-padding-top:50px;--awb-padding-right:25px;--awb-padding-bottom:50px;--awb-padding-left:25px;--awb-overflow:hidden;--awb-inner-bg-size:cover;--awb-border-color:var(--awb-color6);--awb-border-top:1px;--awb-border-right:1px;--awb-border-bottom:1px;--awb-border-left:1px;--awb-border-style:solid;--awb-border-radius:17px 17px 17px 17px;--awb-inner-bg-border-radius:17px 17px 17px 17px;--awb-inner-bg-overflow:hidden;--awb-width-large:33.3333333333%;--awb-margin-top-large:0px;--awb-spacing-right-large:5.76%;--awb-margin-bottom-large:20px;--awb-spacing-left-large:5.76%;--awb-width-medium:100%;--awb-order-medium:0;--awb-spacing-right-medium:1.92%;--awb-spacing-left-medium:1.92%;--awb-width-small:100%;--awb-order-small:0;--awb-spacing-right-small:1.92%;--awb-spacing-left-small:1.92%;\" data-scroll-devices=\"small-visibility,medium-visibility,large-visibility\"><span class=\"fusion-column-inner-bg hover-type-none\"><a class=\"fusion-column-anchor\" href=\"#awb-open-oc__7731\" rel=\"noopener noreferrer\" target=\"_blank\"><span class=\"fusion-column-inner-bg-image\"><\/span><\/a><\/span><div class=\"fusion-column-wrapper fusion-column-has-shadow fusion-flex-justify-content-center fusion-content-layout-column\"><div class=\"fusion-text fusion-text-1 fusion-text-no-margin\" style=\"--awb-content-alignment:center;--awb-font-size:25px;--awb-line-height:var(--awb-custom_typography_2-line-height);--awb-letter-spacing:var(--awb-custom_typography_2-letter-spacing);--awb-text-transform:var(--awb-custom_typography_2-text-transform);--awb-margin-top:0px;--awb-margin-bottom:0px;--awb-text-font-family:var(--awb-custom_typography_2-font-family);--awb-text-font-weight:var(--awb-custom_typography_2-font-weight);--awb-text-font-style:var(--awb-custom_typography_2-font-style);\"><p>Drei<\/p>\n<\/div><\/div><\/div><div class=\"fusion-layout-column fusion_builder_column fusion-builder-column-2 fusion_builder_column_1_3 1_3 fusion-flex-column fusion-flex-align-self-stretch fusion-column-inner-bg-wrapper\" style=\"--awb-padding-top:50px;--awb-padding-right:25px;--awb-padding-bottom:50px;--awb-padding-left:25px;--awb-overflow:hidden;--awb-inner-bg-size:cover;--awb-border-color:var(--awb-color6);--awb-border-top:1px;--awb-border-right:1px;--awb-border-bottom:1px;--awb-border-left:1px;--awb-border-style:solid;--awb-border-radius:17px 17px 17px 17px;--awb-inner-bg-border-radius:17px 17px 17px 17px;--awb-inner-bg-overflow:hidden;--awb-width-large:33.3333333333%;--awb-margin-top-large:0px;--awb-spacing-right-large:5.76%;--awb-margin-bottom-large:20px;--awb-spacing-left-large:5.76%;--awb-width-medium:100%;--awb-order-medium:0;--awb-spacing-right-medium:1.92%;--awb-spacing-left-medium:1.92%;--awb-width-small:100%;--awb-order-small:0;--awb-spacing-right-small:1.92%;--awb-spacing-left-small:1.92%;\" data-scroll-devices=\"small-visibility,medium-visibility,large-visibility\"><span class=\"fusion-column-inner-bg hover-type-none\"><a class=\"fusion-column-anchor\" href=\"#awb-open-oc__7728\" rel=\"noopener noreferrer\" target=\"_blank\"><span class=\"fusion-column-inner-bg-image\"><\/span><\/a><\/span><div class=\"fusion-column-wrapper fusion-column-has-shadow fusion-flex-justify-content-center fusion-content-layout-column\"><div class=\"fusion-text fusion-text-2 fusion-text-no-margin\" style=\"--awb-content-alignment:center;--awb-font-size:25px;--awb-line-height:var(--awb-custom_typography_2-line-height);--awb-letter-spacing:var(--awb-custom_typography_2-letter-spacing);--awb-text-transform:var(--awb-custom_typography_2-text-transform);--awb-margin-top:0px;--awb-margin-bottom:0px;--awb-text-font-family:var(--awb-custom_typography_2-font-family);--awb-text-font-weight:var(--awb-custom_typography_2-font-weight);--awb-text-font-style:var(--awb-custom_typography_2-font-style);\"><p>Magenta<\/p>\n<\/div><\/div><\/div><div class=\"fusion-layout-column fusion_builder_column fusion-builder-column-3 fusion_builder_column_1_3 1_3 fusion-flex-column fusion-flex-align-self-stretch fusion-column-inner-bg-wrapper\" style=\"--awb-padding-top:50px;--awb-padding-right:25px;--awb-padding-bottom:50px;--awb-padding-left:25px;--awb-overflow:hidden;--awb-inner-bg-size:cover;--awb-border-color:var(--awb-color6);--awb-border-top:1px;--awb-border-right:1px;--awb-border-bottom:1px;--awb-border-left:1px;--awb-border-style:solid;--awb-border-radius:17px 17px 17px 17px;--awb-inner-bg-border-radius:17px 17px 17px 17px;--awb-inner-bg-overflow:hidden;--awb-width-large:33.3333333333%;--awb-margin-top-large:0px;--awb-spacing-right-large:5.76%;--awb-margin-bottom-large:20px;--awb-spacing-left-large:5.76%;--awb-width-medium:100%;--awb-order-medium:0;--awb-spacing-right-medium:1.92%;--awb-spacing-left-medium:1.92%;--awb-width-small:100%;--awb-order-small:0;--awb-spacing-right-small:1.92%;--awb-spacing-left-small:1.92%;\" data-scroll-devices=\"small-visibility,medium-visibility,large-visibility\"><span class=\"fusion-column-inner-bg hover-type-none\"><a class=\"fusion-column-anchor\" href=\"#awb-open-oc__7723\" rel=\"noopener noreferrer\" target=\"_blank\"><span class=\"fusion-column-inner-bg-image\"><\/span><\/a><\/span><div class=\"fusion-column-wrapper fusion-column-has-shadow fusion-flex-justify-content-center fusion-content-layout-column\"><div class=\"fusion-text fusion-text-3 fusion-text-no-margin\" style=\"--awb-content-alignment:center;--awb-font-size:25px;--awb-line-height:var(--awb-custom_typography_2-line-height);--awb-letter-spacing:var(--awb-custom_typography_2-letter-spacing);--awb-text-transform:var(--awb-custom_typography_2-text-transform);--awb-margin-top:0px;--awb-margin-bottom:0px;--awb-text-font-family:var(--awb-custom_typography_2-font-family);--awb-text-font-weight:var(--awb-custom_typography_2-font-weight);--awb-text-font-style:var(--awb-custom_typography_2-font-style);\"><p>A1<\/p>\n<\/div><\/div><\/div><div class=\"fusion-layout-column fusion_builder_column fusion-builder-column-4 fusion_builder_column_1_3 1_3 fusion-flex-column fusion-flex-align-self-stretch fusion-column-inner-bg-wrapper\" style=\"--awb-padding-top:50px;--awb-padding-right:25px;--awb-padding-bottom:50px;--awb-padding-left:25px;--awb-overflow:hidden;--awb-inner-bg-size:cover;--awb-border-color:var(--awb-color6);--awb-border-top:1px;--awb-border-right:1px;--awb-border-bottom:1px;--awb-border-left:1px;--awb-border-style:solid;--awb-border-radius:17px 17px 17px 17px;--awb-inner-bg-border-radius:17px 17px 17px 17px;--awb-inner-bg-overflow:hidden;--awb-width-large:33.3333333333%;--awb-margin-top-large:0px;--awb-spacing-right-large:5.76%;--awb-margin-bottom-large:20px;--awb-spacing-left-large:5.76%;--awb-width-medium:100%;--awb-order-medium:0;--awb-spacing-right-medium:1.92%;--awb-spacing-left-medium:1.92%;--awb-width-small:100%;--awb-order-small:0;--awb-spacing-right-small:1.92%;--awb-spacing-left-small:1.92%;\" data-scroll-devices=\"small-visibility,medium-visibility,large-visibility\"><span class=\"fusion-column-inner-bg hover-type-none\"><a class=\"fusion-column-anchor\" href=\"#awb-open-oc__7725\" rel=\"noopener noreferrer\" target=\"_blank\"><span class=\"fusion-column-inner-bg-image\"><\/span><\/a><\/span><div class=\"fusion-column-wrapper fusion-column-has-shadow fusion-flex-justify-content-center fusion-content-layout-column\"><div class=\"fusion-text fusion-text-4 fusion-text-no-margin\" style=\"--awb-content-alignment:center;--awb-font-size:25px;--awb-line-height:var(--awb-custom_typography_2-line-height);--awb-letter-spacing:var(--awb-custom_typography_2-letter-spacing);--awb-text-transform:var(--awb-custom_typography_2-text-transform);--awb-margin-top:0px;--awb-margin-bottom:0px;--awb-text-font-family:var(--awb-custom_typography_2-font-family);--awb-text-font-weight:var(--awb-custom_typography_2-font-weight);--awb-text-font-style:var(--awb-custom_typography_2-font-style);\"><p>bob<\/p>\n<\/div><\/div><\/div><\/div><\/div><\/div><\/p>\n","protected":false},"excerpt":{"rendered":"","protected":false},"author":1,"featured_media":0,"parent":0,"menu_order":0,"comment_status":"closed","ping_status":"closed","template":"","meta":{"_acf_changed":false,"footnotes":""},"class_list":["post-7716","page","type-page","status-publish","hentry"],"acf":[],"yoast_head":"<!-- This site is optimized with the Yoast SEO Premium plugin v24.7 (Yoast SEO v24.7) - https:\/\/yoast.com\/wordpress\/plugins\/seo\/ -->\n<title>Videotutorial Servicepauschalen<\/title>\n<meta name=\"robots\" content=\"noindex, nofollow\" \/>\n<meta property=\"og:locale\" content=\"en_US\" \/>\n<meta property=\"og:type\" content=\"article\" \/>\n<meta property=\"og:title\" content=\"Videotutorial Servicepauschalen\" \/>\n<meta property=\"og:url\" content=\"https:\/\/begeads.eu\/glfuat\/videotutorials\/\" \/>\n<meta property=\"og:site_name\" content=\"G&amp;L \u2013 Legal for everyone.\" \/>\n<meta property=\"article:publisher\" content=\"https:\/\/de-de.facebook.com\/gl.recht\" \/>\n<meta property=\"article:modified_time\" content=\"2025-04-09T08:32:39+00:00\" \/>\n<meta property=\"og:image\" content=\"https:\/\/begeads.eu\/glfuat\/wp-content\/uploads\/Anwalt1100_GL-Rechtsanwaelte_Team-Partner.jpg\" \/>\n\t<meta property=\"og:image:width\" content=\"1500\" \/>\n\t<meta property=\"og:image:height\" content=\"1000\" \/>\n\t<meta property=\"og:image:type\" content=\"image\/jpeg\" \/>\n<meta name=\"twitter:card\" content=\"summary_large_image\" \/>\n<meta name=\"twitter:label1\" content=\"Est. reading time\" \/>\n\t<meta name=\"twitter:data1\" content=\"1 minute\" \/>\n<script type=\"application\/ld+json\" class=\"yoast-schema-graph\">{\"@context\":\"https:\/\/schema.org\",\"@graph\":[{\"@type\":\"WebPage\",\"@id\":\"https:\/\/begeads.eu\/glfuat\/videotutorials\/\",\"url\":\"https:\/\/begeads.eu\/glfuat\/videotutorials\/\",\"name\":\"Videotutorial Servicepauschalen\",\"isPartOf\":{\"@id\":\"https:\/\/begeads.eu\/glfuat\/#website\"},\"datePublished\":\"2024-04-02T12:59:07+00:00\",\"dateModified\":\"2025-04-09T08:32:39+00:00\",\"inLanguage\":\"en-US\",\"potentialAction\":[{\"@type\":\"ReadAction\",\"target\":[\"https:\/\/begeads.eu\/glfuat\/videotutorials\/\"]}]},{\"@type\":\"WebSite\",\"@id\":\"https:\/\/begeads.eu\/glfuat\/#website\",\"url\":\"https:\/\/begeads.eu\/glfuat\/\",\"name\":\"G&L \u2013 Legal for everyone.\",\"description\":\"Legal for you. Rechtsanwaltskanzlei mit Sitz in Wien\",\"publisher\":{\"@id\":\"https:\/\/begeads.eu\/glfuat\/#organization\"},\"potentialAction\":[{\"@type\":\"SearchAction\",\"target\":{\"@type\":\"EntryPoint\",\"urlTemplate\":\"https:\/\/begeads.eu\/glfuat\/?s={search_term_string}\"},\"query-input\":{\"@type\":\"PropertyValueSpecification\",\"valueRequired\":true,\"valueName\":\"search_term_string\"}}],\"inLanguage\":\"en-US\"},{\"@type\":\"Organization\",\"@id\":\"https:\/\/begeads.eu\/glfuat\/#organization\",\"name\":\"G&L \u2013 Legal for everyone.\",\"url\":\"https:\/\/begeads.eu\/glfuat\/\",\"logo\":{\"@type\":\"ImageObject\",\"inLanguage\":\"en-US\",\"@id\":\"https:\/\/begeads.eu\/glfuat\/#\/schema\/logo\/image\/\",\"url\":\"https:\/\/begeads.eu\/glfuat\/wp-content\/uploads\/2023\/03\/G_L_Logo-Animation_GL_230221.gif\",\"contentUrl\":\"https:\/\/begeads.eu\/glfuat\/wp-content\/uploads\/2023\/03\/G_L_Logo-Animation_GL_230221.gif\",\"width\":1000,\"height\":500,\"caption\":\"G&L \u2013 Legal for everyone.\"},\"image\":{\"@id\":\"https:\/\/begeads.eu\/glfuat\/#\/schema\/logo\/image\/\"},\"sameAs\":[\"https:\/\/de-de.facebook.com\/gl.recht\",\"https:\/\/www.instagram.com\/gl_recht\/\"],\"description\":\"Als engagierte und zukunftsorientierte Rechtsanwaltskanzlei in der Maderstra\u00dfe 1, 1040 Wien, stehen wir, Gottgeisl Leinsmer Weber Rechtsanw\u00e4lte, f\u00fcr moderne und effiziente Rechtsdienstleistungen. Wir legen gro\u00dfen Wert auf eine transparente, faire und empathische Betreuung unserer Mandanten.\",\"email\":\"office@begeads.eu\",\"telephone\":\"+4316002771\",\"legalName\":\"Gottgeisl Leinsmer Weber Rechtsanw\u00e4lte GmbH\",\"foundingDate\":\"2016-02-03\",\"vatID\":\"ATU 78326312\",\"numberOfEmployees\":{\"@type\":\"QuantitativeValue\",\"minValue\":\"11\",\"maxValue\":\"50\"}}]}<\/script>\n<!-- \/ Yoast SEO Premium plugin. -->","yoast_head_json":{"title":"Videotutorial Servicepauschalen","robots":{"index":"noindex","follow":"nofollow"},"og_locale":"en_US","og_type":"article","og_title":"Videotutorial Servicepauschalen","og_url":"https:\/\/begeads.eu\/glfuat\/videotutorials\/","og_site_name":"G&amp;L \u2013 Legal for everyone.","article_publisher":"https:\/\/de-de.facebook.com\/gl.recht","article_modified_time":"2025-04-09T08:32:39+00:00","og_image":[{"width":1500,"height":1000,"url":"https:\/\/begeads.eu\/glfuat\/wp-content\/uploads\/Anwalt1100_GL-Rechtsanwaelte_Team-Partner.jpg","type":"image\/jpeg"}],"twitter_card":"summary_large_image","twitter_misc":{"Est. reading time":"1 minute"},"schema":{"@context":"https:\/\/schema.org","@graph":[{"@type":"WebPage","@id":"https:\/\/begeads.eu\/glfuat\/videotutorials\/","url":"https:\/\/begeads.eu\/glfuat\/videotutorials\/","name":"Videotutorial Servicepauschalen","isPartOf":{"@id":"https:\/\/begeads.eu\/glfuat\/#website"},"datePublished":"2024-04-02T12:59:07+00:00","dateModified":"2025-04-09T08:32:39+00:00","inLanguage":"en-US","potentialAction":[{"@type":"ReadAction","target":["https:\/\/begeads.eu\/glfuat\/videotutorials\/"]}]},{"@type":"WebSite","@id":"https:\/\/begeads.eu\/glfuat\/#website","url":"https:\/\/begeads.eu\/glfuat\/","name":"G&L \u2013 Legal for everyone.","description":"Legal for you. Rechtsanwaltskanzlei mit Sitz in Wien","publisher":{"@id":"https:\/\/begeads.eu\/glfuat\/#organization"},"potentialAction":[{"@type":"SearchAction","target":{"@type":"EntryPoint","urlTemplate":"https:\/\/begeads.eu\/glfuat\/?s={search_term_string}"},"query-input":{"@type":"PropertyValueSpecification","valueRequired":true,"valueName":"search_term_string"}}],"inLanguage":"en-US"},{"@type":"Organization","@id":"https:\/\/begeads.eu\/glfuat\/#organization","name":"G&L \u2013 Legal for everyone.","url":"https:\/\/begeads.eu\/glfuat\/","logo":{"@type":"ImageObject","inLanguage":"en-US","@id":"https:\/\/begeads.eu\/glfuat\/#\/schema\/logo\/image\/","url":"https:\/\/begeads.eu\/glfuat\/wp-content\/uploads\/2023\/03\/G_L_Logo-Animation_GL_230221.gif","contentUrl":"https:\/\/begeads.eu\/glfuat\/wp-content\/uploads\/2023\/03\/G_L_Logo-Animation_GL_230221.gif","width":1000,"height":500,"caption":"G&L \u2013 Legal for everyone."},"image":{"@id":"https:\/\/begeads.eu\/glfuat\/#\/schema\/logo\/image\/"},"sameAs":["https:\/\/de-de.facebook.com\/gl.recht","https:\/\/www.instagram.com\/gl_recht\/"],"description":"Als engagierte und zukunftsorientierte Rechtsanwaltskanzlei in der Maderstra\u00dfe 1, 1040 Wien, stehen wir, Gottgeisl Leinsmer Weber Rechtsanw\u00e4lte, f\u00fcr moderne und effiziente Rechtsdienstleistungen. Wir legen gro\u00dfen Wert auf eine transparente, faire und empathische Betreuung unserer Mandanten.","email":"office@begeads.eu","telephone":"+4316002771","legalName":"Gottgeisl Leinsmer Weber Rechtsanw\u00e4lte GmbH","foundingDate":"2016-02-03","vatID":"ATU 78326312","numberOfEmployees":{"@type":"QuantitativeValue","minValue":"11","maxValue":"50"}}]}},"_links":{"self":[{"href":"https:\/\/begeads.eu\/glfuat\/wp-json\/wp\/v2\/pages\/7716","targetHints":{"allow":["GET"]}}],"collection":[{"href":"https:\/\/begeads.eu\/glfuat\/wp-json\/wp\/v2\/pages"}],"about":[{"href":"https:\/\/begeads.eu\/glfuat\/wp-json\/wp\/v2\/types\/page"}],"author":[{"embeddable":true,"href":"https:\/\/begeads.eu\/glfuat\/wp-json\/wp\/v2\/users\/1"}],"replies":[{"embeddable":true,"href":"https:\/\/begeads.eu\/glfuat\/wp-json\/wp\/v2\/comments?post=7716"}],"version-history":[{"count":12,"href":"https:\/\/begeads.eu\/glfuat\/wp-json\/wp\/v2\/pages\/7716\/revisions"}],"predecessor-version":[{"id":10779,"href":"https:\/\/begeads.eu\/glfuat\/wp-json\/wp\/v2\/pages\/7716\/revisions\/10779"}],"wp:attachment":[{"href":"https:\/\/begeads.eu\/glfuat\/wp-json\/wp\/v2\/media?parent=7716"}],"curies":[{"name":"wp","href":"https:\/\/api.w.org\/{rel}","templated":true}]}}